{"id":2597,"date":"2022-09-05T13:56:16","date_gmt":"2022-09-05T11:56:16","guid":{"rendered":"http:\/\/wp-dev.trend-service.local\/spielwiese\/wordpress-beispiele-1\/index.php\/impressum\/"},"modified":"2022-09-26T11:48:32","modified_gmt":"2022-09-26T09:48:32","slug":"legal-notice","status":"publish","type":"page","link":"https:\/\/sxt-deutschland.de\/en\/legal-notice\/","title":{"rendered":"Legal Notice"},"content":{"rendered":"\t\t<div data-elementor-type=\"wp-page\" data-elementor-id=\"2597\" class=\"elementor elementor-2597 elementor-1815\" data-elementor-settings=\"{&quot;ha_cmc_init_switcher&quot;:&quot;no&quot;}\">\n\t\t\t\t<div class=\"elementor-element elementor-element-429c0bb e-flex e-con-boxed e-con e-parent\" data-id=\"429c0bb\" data-element_type=\"container\" data-settings=\"{&quot;_ha_eqh_enable&quot;:false}\">\n\t\t\t\t\t<div class=\"e-con-inner\">\n\t\t\t\t<div class=\"elementor-element elementor-element-3bd3c18 elementor-widget elementor-widget-spacer\" data-id=\"3bd3c18\" data-element_type=\"widget\" data-widget_type=\"spacer.default\">\n\t\t\t\t<div class=\"elementor-widget-container\">\n\t\t\t\t\t\t\t<div class=\"elementor-spacer\">\n\t\t\t<div class=\"elementor-spacer-inner\"><\/div>\n\t\t<\/div>\n\t\t\t\t\t\t<\/div>\n\t\t\t\t<\/div>\n\t\t\t\t\t<\/div>\n\t\t\t\t<\/div>\n\t\t<div class=\"elementor-element elementor-element-62f2e37 e-flex e-con-boxed e-con e-parent\" data-id=\"62f2e37\" data-element_type=\"container\" data-settings=\"{&quot;_ha_eqh_enable&quot;:false}\">\n\t\t\t\t\t<div class=\"e-con-inner\">\n\t\t\t\t<div class=\"elementor-element elementor-element-1da577c elementor-widget elementor-widget-heading\" data-id=\"1da577c\" data-element_type=\"widget\" data-widget_type=\"heading.default\">\n\t\t\t\t<div class=\"elementor-widget-container\">\n\t\t\t\t\t<h2 class=\"elementor-heading-title elementor-size-default\">Legal Notice<\/h2>\t\t\t\t<\/div>\n\t\t\t\t<\/div>\n\t\t\t\t<div class=\"elementor-element elementor-element-789fcb2 elementor-widget elementor-widget-text-editor\" data-id=\"789fcb2\" data-element_type=\"widget\" data-widget_type=\"text-editor.default\">\n\t\t\t\t<div class=\"elementor-widget-container\">\n\t\t\t\t\t\t\t\t\t<div class=\"wp-container-1 wp-block-group container\"><div class=\"wp-block-group__inner-container\"><p><strong>Legal Notice lt. \u00a7 5 TMG:<\/strong><\/p><p><strong>Postal Address:<\/strong><br \/>FRANZ D\u00dcRHOLDT GmbH &amp; Co. KG<br \/>Industriearmaturen<br \/>Postfach 22 01 12<br \/>D-42371 Wuppertal<\/p><p><strong>Home address:<\/strong><br \/>FRANZ D\u00dcRHOLDT GmbH &amp; Co. KG<br \/>Industriearmaturen<br \/>Regentenstr. 69<br \/>D-42389 Wuppertal<\/p><p><strong>Delivery Address:<\/strong><br \/>FRANZ D\u00dcRHOLDT GmbH &amp; Co. KG<br \/>Industriearmaturen<br \/>TOR 1 \u2013 Wareneingang\/Warenausgang<br \/>Clausewitzstr. 17<br \/>D-42389 Wuppertal<\/p><p><strong>Contact:<\/strong><br \/>Telefon: +49-(0)202 \u2013 2 80 86-0<br \/>Fax: +49-(0)202 \u2013 2 80 86-40<\/p><\/div><\/div>\t\t\t\t\t\t\t\t<\/div>\n\t\t\t\t<\/div>\n\t\t\t\t\t<\/div>\n\t\t\t\t<\/div>\n\t\t\t\t<\/div>\n\t\t","protected":false},"excerpt":{"rendered":"<p>Legal Notice Legal Notice lt. \u00a7 5 TMG: Postal Address:FRANZ D\u00dcRHOLDT GmbH &amp; Co. KGIndustriearmaturenPostfach 22 01 12D-42371 Wuppertal Home address:FRANZ D\u00dcRHOLDT GmbH &amp; Co. KGIndustriearmaturenRegentenstr. 69D-42389 Wuppertal Delivery Address:FRANZ D\u00dcRHOLDT GmbH &amp; Co. KGIndustriearmaturenTOR 1 \u2013 Wareneingang\/WarenausgangClausewitzstr. 17D-42389 Wuppertal Contact:Telefon: +49-(0)202 \u2013 2 80 86-0Fax: +49-(0)202 \u2013 2 80 86-40<\/p>\n","protected":false},"author":1,"featured_media":0,"parent":0,"menu_order":0,"comment_status":"closed","ping_status":"closed","template":"elementor_header_footer","meta":{"neve_meta_sidebar":"","neve_meta_container":"","neve_meta_enable_content_width":"","neve_meta_content_width":0,"neve_meta_title_alignment":"","neve_meta_author_avatar":"","neve_post_elements_order":"","neve_meta_disable_header":"","neve_meta_disable_footer":"","neve_meta_disable_title":"","footnotes":""},"class_list":["post-2597","page","type-page","status-publish","hentry"],"_links":{"self":[{"href":"https:\/\/sxt-deutschland.de\/en\/wp-json\/wp\/v2\/pages\/2597","targetHints":{"allow":["GET"]}}],"collection":[{"href":"https:\/\/sxt-deutschland.de\/en\/wp-json\/wp\/v2\/pages"}],"about":[{"href":"https:\/\/sxt-deutschland.de\/en\/wp-json\/wp\/v2\/types\/page"}],"author":[{"embeddable":true,"href":"https:\/\/sxt-deutschland.de\/en\/wp-json\/wp\/v2\/users\/1"}],"replies":[{"embeddable":true,"href":"https:\/\/sxt-deutschland.de\/en\/wp-json\/wp\/v2\/comments?post=2597"}],"version-history":[{"count":0,"href":"https:\/\/sxt-deutschland.de\/en\/wp-json\/wp\/v2\/pages\/2597\/revisions"}],"wp:attachment":[{"href":"https:\/\/sxt-deutschland.de\/en\/wp-json\/wp\/v2\/media?parent=2597"}],"curies":[{"name":"wp","href":"https:\/\/api.w.org\/{rel}","templated":true}]}}